{"id":19,"date":"2016-12-08T18:52:45","date_gmt":"2016-12-08T16:52:45","guid":{"rendered":"http:\/\/familienzentrum-st-martinus.de\/?page_id=19"},"modified":"2021-11-06T18:36:18","modified_gmt":"2021-11-06T17:36:18","slug":"kurzkonzept-kita-birlinghoven","status":"publish","type":"page","link":"https:\/\/familienzentrum-st-martinus.de\/?page_id=19","title":{"rendered":"Kurzkonzept Kita Birlinghoven"},"content":{"rendered":"<p><img loading=\"lazy\" decoding=\"async\" class=\"size-medium wp-image-61 alignnone\" src=\"http:\/\/familienzentrum-st-martinus.de\/wp-content\/uploads\/2016\/12\/logo_kita_birlinghoven-300x151.jpg\" alt=\"\" width=\"300\" height=\"151\" srcset=\"https:\/\/familienzentrum-st-martinus.de\/wp-content\/uploads\/2016\/12\/logo_kita_birlinghoven-300x151.jpg 300w, https:\/\/familienzentrum-st-martinus.de\/wp-content\/uploads\/2016\/12\/logo_kita_birlinghoven.jpg 369w\" sizes=\"auto, (max-width: 300px) 100vw, 300px\" \/><\/p>\n<p>Die p\u00e4dagogische Arbeit in der Tageseinrichtung basiert auf der Grundlage des situationsorientierten Ansatzes. Dabei ist der Ausgangspunkt die Lebenssituation des Kindes.<br \/>\nZiel unserer Arbeit ist, das Kind dabei zu begleiten und zu unterst\u00fctzen, dass es seine gegenw\u00e4rtige und damit auch zuk\u00fcnftige Lebenssituation zunehmend selbst\u00e4ndiger bew\u00e4ltigen kann und in das Leben der Pfarrgemeinde hineinw\u00e4chst.<br \/>\nWir bieten den Kindern in unserem Haus ausreichend\u00a0Raum\u00a0f\u00fcr ganzheitliches Lernen, Spiel und Bewegung. Es gibt\u00a0Bereiche zum Bauen und kreativen Tun, zum Toben und Kuscheln, zum Bewegen und Entspannen,\u00a0zum Forschen und Entdecken und vor allem viel Platz zum Spielen.<br \/>\nIm w\u00f6chentlich stattfindenden Kinderparlament und den t\u00e4glichen Gespr\u00e4chskreisen am Morgen erfahren die Kinder, dass sie das Leben in der Kita mitgestalten und verantwortungsvoll mitbestimmen k\u00f6nnen.<br \/>\nDas allt\u00e4gliche Leben in der Kita bietet Anl\u00e4sse zum religi\u00f6sen Gespr\u00e4ch, zur Wissensvermittlung in diesem Bereich, zu Erfahrungen mit dem Gebet, Lied und Tanz. Die Kita ist ein Teil der Kirchengemeinde und somit ein wichtiges Bindeglied f\u00fcr Familien zur aktiven Teilnahme am Gemeindeleben.<br \/>\nDie Eltern sind wichtige Partner in der Begleitung und F\u00f6rderung ihrer Kinder. Gemeinsam mit ihnen unterst\u00fctzen wir die Kinder auf ihrem Weg in ein selbst\u00e4ndiges Leben.<br \/>\nWenn wir Ihr Interesse an unserer Kita geweckt haben, rufen Sie uns an, <a href=\"http:\/\/familienzentrum-st-martinus.de\/?page_id=87\">vereinbaren Sie einen Termin<\/a>. Wir freuen uns auf Ihren Besuch.<\/p>\n<p>Hier finden Sie die ausf\u00fchrliche Konzeption unserer Einrichtung:<br \/>\n<a href=\"https:\/\/familienzentrum-st-martinus.de\/wp-content\/uploads\/2021\/11\/Birlinghoven_Konzeption-11-2021.pdf\" target=\"_blank\" rel=\"noopener noreferrer\">Bildungskonzeption Kita Birlinghoven<\/a><\/p>\n","protected":false},"excerpt":{"rendered":"<p>Die p\u00e4dagogische Arbeit in der Tageseinrichtung basiert auf der Grundlage des situationsorientierten Ansatzes. Dabei ist der Ausgangspunkt die Lebenssituation des Kindes. Ziel unserer Arbeit ist, das Kind dabei zu begleiten [&hellip;]<\/p>\n","protected":false},"author":4,"featured_media":40,"parent":0,"menu_order":0,"comment_status":"closed","ping_status":"closed","template":"","meta":{"footnotes":""},"class_list":["post-19","page","type-page","status-publish","has-post-thumbnail","hentry"],"_links":{"self":[{"href":"https:\/\/familienzentrum-st-martinus.de\/index.php?rest_route=\/wp\/v2\/pages\/19","targetHints":{"allow":["GET"]}}],"collection":[{"href":"https:\/\/familienzentrum-st-martinus.de\/index.php?rest_route=\/wp\/v2\/pages"}],"about":[{"href":"https:\/\/familienzentrum-st-martinus.de\/index.php?rest_route=\/wp\/v2\/types\/page"}],"author":[{"embeddable":true,"href":"https:\/\/familienzentrum-st-martinus.de\/index.php?rest_route=\/wp\/v2\/users\/4"}],"replies":[{"embeddable":true,"href":"https:\/\/familienzentrum-st-martinus.de\/index.php?rest_route=%2Fwp%2Fv2%2Fcomments&post=19"}],"version-history":[{"count":8,"href":"https:\/\/familienzentrum-st-martinus.de\/index.php?rest_route=\/wp\/v2\/pages\/19\/revisions"}],"predecessor-version":[{"id":1178,"href":"https:\/\/familienzentrum-st-martinus.de\/index.php?rest_route=\/wp\/v2\/pages\/19\/revisions\/1178"}],"wp:featuredmedia":[{"embeddable":true,"href":"https:\/\/familienzentrum-st-martinus.de\/index.php?rest_route=\/wp\/v2\/media\/40"}],"wp:attachment":[{"href":"https:\/\/familienzentrum-st-martinus.de\/index.php?rest_route=%2Fwp%2Fv2%2Fmedia&parent=19"}],"curies":[{"name":"wp","href":"https:\/\/api.w.org\/{rel}","templated":true}]}}