{"id":21,"date":"2016-12-08T18:54:00","date_gmt":"2016-12-08T16:54:00","guid":{"rendered":"http:\/\/familienzentrum-st-martinus.de\/?page_id=21"},"modified":"2023-01-08T13:14:43","modified_gmt":"2023-01-08T12:14:43","slug":"kurzkonzept-kita-niederpleis","status":"publish","type":"page","link":"https:\/\/familienzentrum-st-martinus.de\/?page_id=21","title":{"rendered":"Kurzkonzept Kita Niederpleis"},"content":{"rendered":"<p><img loading=\"lazy\" decoding=\"async\" class=\"alignleft size-full wp-image-65\" src=\"http:\/\/familienzentrum-st-martinus.de\/wp-content\/uploads\/2016\/12\/logo_kita_niederpleis.jpg\" alt=\"\" width=\"246\" height=\"82\" \/><\/p>\n<p>\u00a0<\/p>\n<p>\u00a0<\/p>\n<p>Unsere Einrichtung liegt am Rande von St. Augustin \u2013Niederpleis, in direkter Nachbarschaft zu der Kirche St. Martinus.<br \/>Im Leben der Pfarrgemeinde nehmen wir einen festen Platz ein und stehen in regem Kontakt mit den Institutionen der Pfarrgemeinde, wir beteiligen uns an ihren Festen.<br \/>In unserer katholischen Einrichtung betten wir die religi\u00f6se Erziehung durch kindgem\u00e4\u00dfe Methoden in die Gesamterziehung ein. Wir leben mit den Kindern die Feste im Jahreskreis und bringen ihnen mit ausgew\u00e4hlten Geschichten die Bibel n\u00e4her.<br \/>Gespr\u00e4che, Erz\u00e4hlungen, Bildbetrachtungen, sowie Lieder sind M\u00f6glichkeiten der lebendigen Bibelerfahrung.<br \/>Unser Wunsch ist es, das sich die Kinder wohl f\u00fchlen und gerne kommen.<br \/>In einem Miteinander\u00a0 mit anderen Kindern, Erziehern und Eltern schaffen wir die Grundlage\u00a0 f\u00fcr die religi\u00f6se, die soziale und die kognitive Entwicklung.<br \/>Wir erm\u00f6glichen den Kindern durch eine vorbereitete Umgebung, Ideen und Eigeninitiative zu entwickeln und aktiv zu gestalten. Dadurch lernen sie mit Hilfe der\u00a0 Erzieher Verantwortung zu \u00fcbernehmen.<br \/>Wir bef\u00e4higen die Kinder zur St\u00e4rkung ihres Selbstbewusstseins, Konflikte selbstst\u00e4ndig zu bew\u00e4ltigen.<\/p>\n<p>Um der Bewegungsfreude der Kinder gerecht zu werden steht uns neben dem Bewegungsraum ein weitr\u00e4umiges Au\u00dfengel\u00e4nde, mit Kletterstra\u00dfe, einem Sandkastenbereich, einer Schaukelanlage, verschiedene Spiel und Sportger\u00e4te sowie ein Kletterberg mit Kriechtunnel und Rutsche zur Verf\u00fcgung.<br \/>Als familienerg\u00e4nzende Institution w\u00fcnschen wir uns eine vertrauensvolle und partnerschaftliche Zusammenarbeit mit den Eltern.<br \/>Elternarbeit beinhaltet f\u00fcr uns, die Bed\u00fcrfnisse und Interessen der Familie ernst zu nehmen und zum Wohl der Kinder in unsere t\u00e4gliche Arbeit zu integrieren.<\/p>\n<p><strong>Zertifizierungen<\/strong><br \/>Wir haben die Zertifizierung &#8222;Felix&#8220;, ein Qualit\u00e4tszeichen als Anerkennung und Ansporn f\u00fcr t\u00e4gliches und kindgerechtes Singen und Musizieren im Kindergarten&#8220; und die Zertifizierung &#8222;<a href=\"http:\/\/www.haus-der-kleinen-forscher.de\" target=\"_blank\" rel=\"noopener\">Haus der kleinen Forscher<\/a>&#8222;.<\/p>\n<p>Wir bilden aus. Die F\u00f6rdermittel der EU und des Landes NRW erm\u00f6glichen uns einen Praxisintegrierten Ausbildungsplatz zum Kinderpfleger.<\/p>\n<p>Haben wir ihr Interesse geweckt? <a href=\"http:\/\/familienzentrum-st-martinus.de\/?page_id=85\">Dann rufen Sie uns doch an!<\/a><\/p>\n\n\n<figure class=\"wp-block-image size-full\"><img loading=\"lazy\" decoding=\"async\" width=\"880\" height=\"204\" src=\"https:\/\/familienzentrum-st-martinus.de\/wp-content\/uploads\/2023\/01\/eu-react_esf_mags_ueberschrift_rgb_kl.jpg\" alt=\"\" class=\"wp-image-1286\" srcset=\"https:\/\/familienzentrum-st-martinus.de\/wp-content\/uploads\/2023\/01\/eu-react_esf_mags_ueberschrift_rgb_kl.jpg 880w, https:\/\/familienzentrum-st-martinus.de\/wp-content\/uploads\/2023\/01\/eu-react_esf_mags_ueberschrift_rgb_kl-300x70.jpg 300w, https:\/\/familienzentrum-st-martinus.de\/wp-content\/uploads\/2023\/01\/eu-react_esf_mags_ueberschrift_rgb_kl-768x178.jpg 768w\" sizes=\"auto, (max-width: 880px) 100vw, 880px\" \/><\/figure>\n","protected":false},"excerpt":{"rendered":"<p>\u00a0 \u00a0 Unsere Einrichtung liegt am Rande von St. Augustin \u2013Niederpleis, in direkter Nachbarschaft zu der Kirche St. Martinus.Im Leben der Pfarrgemeinde nehmen wir einen festen Platz ein und stehen [&hellip;]<\/p>\n","protected":false},"author":4,"featured_media":181,"parent":0,"menu_order":0,"comment_status":"closed","ping_status":"closed","template":"","meta":{"footnotes":""},"class_list":["post-21","page","type-page","status-publish","has-post-thumbnail","hentry"],"_links":{"self":[{"href":"https:\/\/familienzentrum-st-martinus.de\/index.php?rest_route=\/wp\/v2\/pages\/21","targetHints":{"allow":["GET"]}}],"collection":[{"href":"https:\/\/familienzentrum-st-martinus.de\/index.php?rest_route=\/wp\/v2\/pages"}],"about":[{"href":"https:\/\/familienzentrum-st-martinus.de\/index.php?rest_route=\/wp\/v2\/types\/page"}],"author":[{"embeddable":true,"href":"https:\/\/familienzentrum-st-martinus.de\/index.php?rest_route=\/wp\/v2\/users\/4"}],"replies":[{"embeddable":true,"href":"https:\/\/familienzentrum-st-martinus.de\/index.php?rest_route=%2Fwp%2Fv2%2Fcomments&post=21"}],"version-history":[{"count":15,"href":"https:\/\/familienzentrum-st-martinus.de\/index.php?rest_route=\/wp\/v2\/pages\/21\/revisions"}],"predecessor-version":[{"id":1289,"href":"https:\/\/familienzentrum-st-martinus.de\/index.php?rest_route=\/wp\/v2\/pages\/21\/revisions\/1289"}],"wp:featuredmedia":[{"embeddable":true,"href":"https:\/\/familienzentrum-st-martinus.de\/index.php?rest_route=\/wp\/v2\/media\/181"}],"wp:attachment":[{"href":"https:\/\/familienzentrum-st-martinus.de\/index.php?rest_route=%2Fwp%2Fv2%2Fmedia&parent=21"}],"curies":[{"name":"wp","href":"https:\/\/api.w.org\/{rel}","templated":true}]}}