{"id":27,"date":"2016-12-08T19:03:32","date_gmt":"2016-12-08T17:03:32","guid":{"rendered":"http:\/\/familienzentrum-st-martinus.de\/?page_id=27"},"modified":"2017-01-10T20:03:01","modified_gmt":"2017-01-10T18:03:01","slug":"ziele","status":"publish","type":"page","link":"https:\/\/familienzentrum-st-martinus.de\/?page_id=27","title":{"rendered":"Unsere Ziele"},"content":{"rendered":"<h2><\/h2>\n<ul>\n<li>Kinder von klein auf in ihrer Entwicklung zu<br \/>\nf\u00f6rdern,<\/li>\n<li>Bildung, Bewegung und Kreativit\u00e4t bei Klein und<br \/>\nGro\u00df zu unterst\u00fctzen,<\/li>\n<li>Elternkompetenz und Neugier zu st\u00e4rken,<\/li>\n<li>Beratung und Betreuung nach Bedarf zu bieten,<\/li>\n<li>Kindern und Eltern das Miterleben eines lebendig<br \/>\ngestalteten Glaubens zu erm\u00f6glichen.<\/li>\n<\/ul>\n","protected":false},"excerpt":{"rendered":"<p>Kinder von klein auf in ihrer Entwicklung zu f\u00f6rdern, Bildung, Bewegung und Kreativit\u00e4t bei Klein und Gro\u00df zu unterst\u00fctzen, Elternkompetenz und Neugier zu st\u00e4rken, Beratung und Betreuung nach Bedarf zu [&hellip;]<\/p>\n","protected":false},"author":4,"featured_media":190,"parent":0,"menu_order":2,"comment_status":"closed","ping_status":"closed","template":"","meta":{"footnotes":""},"class_list":["post-27","page","type-page","status-publish","has-post-thumbnail","hentry"],"_links":{"self":[{"href":"https:\/\/familienzentrum-st-martinus.de\/index.php?rest_route=\/wp\/v2\/pages\/27","targetHints":{"allow":["GET"]}}],"collection":[{"href":"https:\/\/familienzentrum-st-martinus.de\/index.php?rest_route=\/wp\/v2\/pages"}],"about":[{"href":"https:\/\/familienzentrum-st-martinus.de\/index.php?rest_route=\/wp\/v2\/types\/page"}],"author":[{"embeddable":true,"href":"https:\/\/familienzentrum-st-martinus.de\/index.php?rest_route=\/wp\/v2\/users\/4"}],"replies":[{"embeddable":true,"href":"https:\/\/familienzentrum-st-martinus.de\/index.php?rest_route=%2Fwp%2Fv2%2Fcomments&post=27"}],"version-history":[{"count":5,"href":"https:\/\/familienzentrum-st-martinus.de\/index.php?rest_route=\/wp\/v2\/pages\/27\/revisions"}],"predecessor-version":[{"id":188,"href":"https:\/\/familienzentrum-st-martinus.de\/index.php?rest_route=\/wp\/v2\/pages\/27\/revisions\/188"}],"wp:featuredmedia":[{"embeddable":true,"href":"https:\/\/familienzentrum-st-martinus.de\/index.php?rest_route=\/wp\/v2\/media\/190"}],"wp:attachment":[{"href":"https:\/\/familienzentrum-st-martinus.de\/index.php?rest_route=%2Fwp%2Fv2%2Fmedia&parent=27"}],"curies":[{"name":"wp","href":"https:\/\/api.w.org\/{rel}","templated":true}]}}