{"id":29,"date":"2016-12-08T19:05:07","date_gmt":"2016-12-08T17:05:07","guid":{"rendered":"http:\/\/familienzentrum-st-martinus.de\/?page_id=29"},"modified":"2025-01-13T10:41:58","modified_gmt":"2025-01-13T09:41:58","slug":"angebote","status":"publish","type":"page","link":"https:\/\/familienzentrum-st-martinus.de\/?page_id=29","title":{"rendered":"Angebote"},"content":{"rendered":"<h2>Das bietet Ihnen unser Familienzentrum<\/h2>\n<ul>\n<li>Erziehungs- und Familienberatung<\/li>\n<li>Themenbezogene Elternabende<\/li>\n<li>Betreuungsangebot f\u00fcr Kinder unter 3 Jahren<\/li>\n<li>Sprachf\u00f6rderung<\/li>\n<li>Freizeitangebote f\u00fcr Familien<\/li>\n<li>zus\u00e4tzliche Angebote im Kita-Alltag<\/li>\n<li>Elterncaf\u00e9s, Begegnungsecke<\/li>\n<li>Caritas-Sprechstunde<\/li>\n<li>Erreichbarkeit eines Seelsorgers \/ Krisengespr\u00e4che<\/li>\n<li>Vernetzung mit der Kirchengemeinde<\/li>\n<li>Informationen \u00fcber Kindertagespflege<\/li>\n<li>Zusammenarbeit mit Kooperationspartnern vor Ort<\/li>\n<\/ul>\n<p>Wir stellen unsere R\u00e4umlichkeiten an Abenden und Wochenenden Vereinen, Gruppierungen und anderen Institutionen nach R\u00fccksprache gerne zur Verf\u00fcgung. Sprechen Sie uns einfach an.<\/p>\n<p>Unsere n\u00e4chsten Veranstaltungen finden Sie hier:<\/p>\n\n        <div class=\"ter-kal-block-list\" id=\"ter-kal-block-list1\">\n            <div id=\"eventlist_1\" class=\"eventlist simple_list ter-kal-content\"\n                data-show_time=\"start_end\" data-instance=\"1\">\n                <p class=\"ter_kal_info ter_kal_info_1\"><\/p>\n                <hr>\n                <h4 class=\"eventlist_no_content\">Daten werden geladen, bitte warten<\/h4>\n                <hr>\n            <\/div>\n        <\/div>\n        ","protected":false},"excerpt":{"rendered":"<p>Das bietet Ihnen unser Familienzentrum Erziehungs- und Familienberatung Themenbezogene Elternabende Betreuungsangebot f\u00fcr Kinder unter 3 Jahren Sprachf\u00f6rderung Freizeitangebote f\u00fcr Familien zus\u00e4tzliche Angebote im Kita-Alltag Elterncaf\u00e9s, Begegnungsecke Caritas-Sprechstunde Erreichbarkeit eines Seelsorgers [&hellip;]<\/p>\n","protected":false},"author":4,"featured_media":190,"parent":0,"menu_order":3,"comment_status":"closed","ping_status":"closed","template":"","meta":{"footnotes":""},"class_list":["post-29","page","type-page","status-publish","has-post-thumbnail","hentry"],"_links":{"self":[{"href":"https:\/\/familienzentrum-st-martinus.de\/index.php?rest_route=\/wp\/v2\/pages\/29","targetHints":{"allow":["GET"]}}],"collection":[{"href":"https:\/\/familienzentrum-st-martinus.de\/index.php?rest_route=\/wp\/v2\/pages"}],"about":[{"href":"https:\/\/familienzentrum-st-martinus.de\/index.php?rest_route=\/wp\/v2\/types\/page"}],"author":[{"embeddable":true,"href":"https:\/\/familienzentrum-st-martinus.de\/index.php?rest_route=\/wp\/v2\/users\/4"}],"replies":[{"embeddable":true,"href":"https:\/\/familienzentrum-st-martinus.de\/index.php?rest_route=%2Fwp%2Fv2%2Fcomments&post=29"}],"version-history":[{"count":6,"href":"https:\/\/familienzentrum-st-martinus.de\/index.php?rest_route=\/wp\/v2\/pages\/29\/revisions"}],"predecessor-version":[{"id":1476,"href":"https:\/\/familienzentrum-st-martinus.de\/index.php?rest_route=\/wp\/v2\/pages\/29\/revisions\/1476"}],"wp:featuredmedia":[{"embeddable":true,"href":"https:\/\/familienzentrum-st-martinus.de\/index.php?rest_route=\/wp\/v2\/media\/190"}],"wp:attachment":[{"href":"https:\/\/familienzentrum-st-martinus.de\/index.php?rest_route=%2Fwp%2Fv2%2Fmedia&parent=29"}],"curies":[{"name":"wp","href":"https:\/\/api.w.org\/{rel}","templated":true}]}}