{"id":31,"date":"2016-12-08T19:06:24","date_gmt":"2016-12-08T17:06:24","guid":{"rendered":"http:\/\/familienzentrum-st-martinus.de\/?page_id=31"},"modified":"2017-01-10T20:05:06","modified_gmt":"2017-01-10T18:05:06","slug":"kontakt","status":"publish","type":"page","link":"https:\/\/familienzentrum-st-martinus.de\/?page_id=31","title":{"rendered":"Kontakt"},"content":{"rendered":"<p>F\u00fcr weitere Informationen stehen wir Ihnen gerne zur Verf\u00fcgung<\/p>\n<p><strong>Kita Birlinghoven<\/strong><br \/>\nBirlinghovener Stra\u00dfe 4, 53757 Sankt Augustin<br \/>\nTel.: 02241\/331 523, E-Mail: <a href=\"&#x6d;a&#x69;&#108;&#x74;&#111;:&#x66;a&#x6d;&#105;&#x6c;&#105;e&#x6e;&#122;&#x65;&#110;t&#x72;u&#x6d;&#45;&#x62;&#105;r&#x6c;i&#x6e;&#103;&#x68;&#x6f;v&#x65;&#110;&#x40;&#107;a&#x74;h&#x6f;&#108;&#x69;&#115;c&#x68;&#45;&#x73;&#97;&#x6e;&#x6b;t&#x2d;&#97;&#x75;&#103;u&#x73;t&#x69;&#110;&#x2e;&#100;e\">&#102;&#97;&#x6d;&#x69;&#108;&#105;&#x65;&#x6e;&#122;&#101;&#x6e;&#x74;&#114;&#117;&#x6d;&#x2d;&#98;&#105;&#x72;&#x6c;&#105;&#110;&#x67;&#x68;&#111;&#118;&#x65;&#x6e;&#64;&#107;&#x61;&#x74;&#104;&#111;&#x6c;&#x69;&#115;&#99;&#x68;&#x2d;&#115;&#97;&#x6e;&#x6b;&#116;&#45;&#x61;&#x75;&#103;&#117;&#x73;&#x74;&#105;&#110;&#x2e;&#x64;&#101;<\/a><\/p>\n<p><strong>Kita Buisdorf<\/strong><br \/>\nZissendorferstra\u00dfe 5, 53757 Sankt Augustin<br \/>\nTel.: 02241\/65 992, E-Mail: <a href=\"&#109;&#x61;&#x69;l&#116;&#x6f;:&#102;&#x61;m&#105;&#x6c;i&#101;&#x6e;&#x7a;&#101;&#x6e;&#x74;r&#117;&#x6d;-&#98;&#x75;i&#115;&#x64;&#x6f;&#114;&#x66;&#x40;k&#97;&#x74;h&#111;&#x6c;i&#115;&#x63;h&#45;&#x73;&#x61;&#110;&#x6b;&#x74;-&#97;&#x75;g&#117;&#x73;t&#105;&#x6e;&#x2e;&#100;&#x65;\">&#x66;&#97;m&#x69;&#x6c;&#105;e&#x6e;&#x7a;&#101;n&#x74;&#x72;&#117;m&#x2d;&#x62;&#117;i&#x73;&#100;&#111;r&#x66;&#64;k&#x61;&#x74;&#104;o&#x6c;&#x69;&#115;c&#x68;&#x2d;&#115;a&#x6e;&#x6b;&#116;-&#x61;&#x75;&#103;u&#x73;&#116;&#105;&#x6e;&#x2e;&#100;e<\/a><\/p>\n<p><strong>Kita Niederpleis<\/strong><br \/>\nAlte Marktstra\u00dfe 53, 53757 Sankt Augustin<br \/>\nTel.: 02241\/334 300, E-Mail: <a href=\"&#x6d;&#x61;&#x69;&#x6c;&#x74;&#x6f;&#x3a;&#x66;&#x61;&#x6d;&#x69;&#x6c;&#x69;&#x65;&#110;&#122;&#101;&#110;&#116;&#114;&#117;&#109;&#45;&#110;&#105;ederplei&#x73;&#x40;&#x6b;&#x61;&#x74;&#x68;&#x6f;&#x6c;&#x69;&#x73;&#x63;&#x68;&#x2d;&#x73;&#x61;&#110;&#107;&#116;&#45;&#97;&#117;&#103;&#117;&#115;&#116;in&#46;de\">&#102;&#97;&#x6d;i&#108;&#x69;&#x65;n&#122;&#x65;&#x6e;t&#114;&#x75;m&#45;&#x6e;&#x69;e&#100;&#x65;&#x72;p&#108;&#x65;i&#115;&#x40;&#x6b;a&#116;&#x68;&#x6f;l&#105;&#x73;&#x63;&#104;&#45;&#x73;a&#110;&#x6b;&#x74;-&#97;&#x75;&#x67;u&#115;&#x74;i&#110;&#x2e;&#x64;e<\/a><\/p>\n","protected":false},"excerpt":{"rendered":"<p>F\u00fcr weitere Informationen stehen wir Ihnen gerne zur Verf\u00fcgung Kita Birlinghoven Birlinghovener Stra\u00dfe 4, 53757 Sankt Augustin Tel.: 02241\/331 523, E-Mail: &#102;&#x61;&#109;&#x69;&#108;&#x69;e&#x6e;z&#101;&#x6e;&#116;&#x72;&#117;&#x6d;-&#x62;i&#114;&#x6c;&#105;&#x6e;&#103;&#x68;&#111;&#x76;e&#x6e;&#64;&#107;&#x61;&#116;&#x68;&#111;&#x6c;i&#x73;c&#104;&#x2d;&#115;&#x61;&#110;&#x6b;&#116;&#x2d;a&#x75;g&#117;&#x73;&#116;&#x69;&#110;&#x2e;d&#x65; Kita Buisdorf Zissendorferstra\u00dfe 5, 53757 Sankt Augustin Tel.: [&hellip;]<\/p>\n","protected":false},"author":4,"featured_media":190,"parent":0,"menu_order":5,"comment_status":"closed","ping_status":"closed","template":"","meta":{"footnotes":""},"class_list":["post-31","page","type-page","status-publish","has-post-thumbnail","hentry"],"_links":{"self":[{"href":"https:\/\/familienzentrum-st-martinus.de\/index.php?rest_route=\/wp\/v2\/pages\/31","targetHints":{"allow":["GET"]}}],"collection":[{"href":"https:\/\/familienzentrum-st-martinus.de\/index.php?rest_route=\/wp\/v2\/pages"}],"about":[{"href":"https:\/\/familienzentrum-st-martinus.de\/index.php?rest_route=\/wp\/v2\/types\/page"}],"author":[{"embeddable":true,"href":"https:\/\/familienzentrum-st-martinus.de\/index.php?rest_route=\/wp\/v2\/users\/4"}],"replies":[{"embeddable":true,"href":"https:\/\/familienzentrum-st-martinus.de\/index.php?rest_route=%2Fwp%2Fv2%2Fcomments&post=31"}],"version-history":[{"count":2,"href":"https:\/\/familienzentrum-st-martinus.de\/index.php?rest_route=\/wp\/v2\/pages\/31\/revisions"}],"predecessor-version":[{"id":452,"href":"https:\/\/familienzentrum-st-martinus.de\/index.php?rest_route=\/wp\/v2\/pages\/31\/revisions\/452"}],"wp:featuredmedia":[{"embeddable":true,"href":"https:\/\/familienzentrum-st-martinus.de\/index.php?rest_route=\/wp\/v2\/media\/190"}],"wp:attachment":[{"href":"https:\/\/familienzentrum-st-martinus.de\/index.php?rest_route=%2Fwp%2Fv2%2Fmedia&parent=31"}],"curies":[{"name":"wp","href":"https:\/\/api.w.org\/{rel}","templated":true}]}}