{"id":334,"date":"2017-01-10T19:04:53","date_gmt":"2017-01-10T17:04:53","guid":{"rendered":"http:\/\/familienzentrum-st-martinus.de\/?page_id=334"},"modified":"2017-01-10T19:06:19","modified_gmt":"2017-01-10T17:06:19","slug":"foerderverein","status":"publish","type":"page","link":"https:\/\/familienzentrum-st-martinus.de\/?page_id=334","title":{"rendered":"F\u00f6rderverein Kita Birlinghoven"},"content":{"rendered":"<p>Ausf\u00fchrliche Infos zu unserem F\u00f6rderverein finden Sie hier:<\/p>\n<p><a href=\"http:\/\/www.gross-fuer-klein.net\/\">www.gross-fuer-klein.net<\/a><\/p>\n","protected":false},"excerpt":{"rendered":"<p>Ausf\u00fchrliche Infos zu unserem F\u00f6rderverein finden Sie hier: www.gross-fuer-klein.net<\/p>\n","protected":false},"author":4,"featured_media":0,"parent":0,"menu_order":0,"comment_status":"closed","ping_status":"closed","template":"","meta":{"footnotes":""},"class_list":["post-334","page","type-page","status-publish","hentry"],"_links":{"self":[{"href":"https:\/\/familienzentrum-st-martinus.de\/index.php?rest_route=\/wp\/v2\/pages\/334","targetHints":{"allow":["GET"]}}],"collection":[{"href":"https:\/\/familienzentrum-st-martinus.de\/index.php?rest_route=\/wp\/v2\/pages"}],"about":[{"href":"https:\/\/familienzentrum-st-martinus.de\/index.php?rest_route=\/wp\/v2\/types\/page"}],"author":[{"embeddable":true,"href":"https:\/\/familienzentrum-st-martinus.de\/index.php?rest_route=\/wp\/v2\/users\/4"}],"replies":[{"embeddable":true,"href":"https:\/\/familienzentrum-st-martinus.de\/index.php?rest_route=%2Fwp%2Fv2%2Fcomments&post=334"}],"version-history":[{"count":3,"href":"https:\/\/familienzentrum-st-martinus.de\/index.php?rest_route=\/wp\/v2\/pages\/334\/revisions"}],"predecessor-version":[{"id":338,"href":"https:\/\/familienzentrum-st-martinus.de\/index.php?rest_route=\/wp\/v2\/pages\/334\/revisions\/338"}],"wp:attachment":[{"href":"https:\/\/familienzentrum-st-martinus.de\/index.php?rest_route=%2Fwp%2Fv2%2Fmedia&parent=334"}],"curies":[{"name":"wp","href":"https:\/\/api.w.org\/{rel}","templated":true}]}}