{"id":608,"date":"2018-05-04T11:44:51","date_gmt":"2018-05-04T09:44:51","guid":{"rendered":"http:\/\/familienzentrum-st-martinus.de\/?page_id=608"},"modified":"2020-06-12T13:40:54","modified_gmt":"2020-06-12T11:40:54","slug":"datenschutzerklaerung","status":"publish","type":"page","link":"https:\/\/familienzentrum-st-martinus.de\/?page_id=608","title":{"rendered":"Datenschutzerkl\u00e4rung"},"content":{"rendered":"<p>Wir nehmen den Schutz Ihrer pers\u00f6nlichen Daten ernst und halten uns an die Regeln der Datenschutzgesetze. Personenbezogene Daten werden auf dieser Webseite nur im technisch notwendigen Umfang erhoben. In keinem Fall werden die erhobenen Daten verkauft oder aus anderen Gr\u00fcnden an Dritte weitergegeben, ausgenommen rechtlich notwendige Ma\u00dfnahmen (z.B. Rechtsanwalt).<br \/>\nDie Datenschutzerkl\u00e4rung gibt Ihnen einen \u00dcberblick dar\u00fcber, wie wir diesen Schutz gew\u00e4hrleisten und welche Art von Daten zu welchem Zweck erhoben werden.<\/p>\n<p>Verantwortlicher gem\u00e4\u00df Art. 4 Nr. 7 DS-GVO bzw. \u00a7 4 Nr. 9 KDG ist<br \/>\nKirchengemeindeverband Sankt Augustin<br \/>\nMarienkirchstra\u00dfe 8a<br \/>\n53757 Sankt Augustin<\/p>\n<p>Vertreten durch:<br \/>\nPfarrer Peter H. Emontzphol<br \/>\nTelefon: 02241\/39800<br \/>\nEmail: &#x70;&#97;s&#x74;&#x6f;&#114;a&#x6c;&#x62;&#117;e&#x72;&#111;&#64;&#x6b;&#x61;&#116;h&#x6f;&#x6c;&#105;s&#x63;&#104;&#45;&#x73;&#x61;&#110;k&#x74;&#x2d;&#97;u&#x67;&#117;&#115;t&#x69;&#110;&#46;&#x64;&#x65;<\/p>\n<p>Datenschutzbeauftragter<br \/>\nDie Kontaktdaten des Datenschutzbeauftragten des Erzbistums K\u00f6ln<br \/>\nHerr Edgar Thiel<br \/>\nBetrieblicher Datenschutzbeauftragter<br \/>\nKirchengemeindliche Rechtstr\u00e4ger<\/p>\n<p>Erzbistum K\u00f6ln | Generalvikariat<br \/>\nHauptabteilung Seelsorgebereiche<br \/>\nAbteilung Gemeindeverb\u00e4nde, Rendanturen und Service Kirchengemeinden<br \/>\nMarzellenstr. 32 | 50668 K\u00f6ln<br \/>\nPostanschrift:<br \/>\nErzbistum K\u00f6ln | 50606 K\u00f6ln<br \/>\nTelefon 0221 1642 1640<br \/>\n&#98;&#x65;t&#114;&#x69;&#101;&#x62;l&#105;&#x63;h&#x65;&#x72;&#45;&#x64;a&#116;&#x65;n&#x73;&#x63;&#104;&#x75;t&#122;&#x40;&#101;&#x72;z&#98;&#x69;s&#116;&#x75;&#109;&#x2d;k&#111;&#x65;l&#x6e;&#x2e;&#100;&#x65;<br \/>\nwww.erzbistum-koeln.de<\/p>\n<p><strong>Inhaltlich verantwortlich<\/strong><br \/>\ngem\u00e4\u00df \u00a7 55 Abs. 2 RStV<\/p>\n<p>Familienzentrum Sankt Martinus<br \/>\nFrau Stefanie Welter<br \/>\nAlte Marktstra\u00dfe 53<br \/>\n53757 Sankt Augustin<br \/>\nTelefon: 02241\/334300<br \/>\nEmail: <a href=\"&#109;&#x61;i&#x6c;&#x74;&#111;&#x3a;f&#x61;&#x6d;&#105;&#x6c;i&#x65;&#x6e;&#122;&#x65;n&#x74;&#x72;&#117;&#x6d;-&#x6e;&#x69;&#101;&#x64;e&#x72;&#x70;&#108;&#x65;i&#x73;&#x40;&#107;&#x61;t&#x68;&#x6f;&#108;&#x69;s&#x63;&#x68;&#45;&#x73;a&#x6e;&#x6b;&#116;&#x2d;a&#x75;&#x67;&#117;&#x73;t&#x69;&#x6e;&#46;&#x64;e\">&#102;&#97;&#x6d;i&#108;&#x69;&#x65;n&#122;&#x65;&#x6e;t&#114;&#x75;m&#45;&#x6e;&#x69;e&#100;&#x65;&#x72;p&#108;&#x65;i&#115;&#x40;&#x6b;a&#116;&#x68;&#x6f;l&#105;&#x73;&#x63;&#104;&#45;&#x73;a&#110;&#x6b;&#x74;-&#97;&#x75;&#x67;u&#115;&#x74;i&#110;&#x2e;&#x64;e<\/a><\/p>\n<p>Ihre Betroffenenrechte<\/p>\n<p>Sie haben nach der DS-GVO und dem KDG (\u00a7\u00a7 17 ff. KDG) folgende Rechte hinsichtlich der Sie betreffenden personenbezogenen Daten:<br \/>\n&#8211; Recht auf Auskunft,<br \/>\n&#8211; Recht auf Berichtigung,<br \/>\n&#8211; Recht auf L\u00f6schung,<br \/>\n&#8211; Recht auf Einschr\u00e4nkung der Verarbeitung,<br \/>\n&#8211; Recht auf Widerspruch gegen die Verarbeitung,<br \/>\n&#8211; Recht auf Daten\u00fcbertragbarkeit.<\/p>\n<p>Sie haben zudem das Recht, sich bei einer Datenschutz-Aufsichtsbeh\u00f6rde bzw. der Datenschutzaufsicht (\u00a7\u00a7 42 ff. KDG) \u00fcber die Verarbeitung Ihrer personenbezogenen Daten zu beschweren.<\/p>\n<p><strong>Datenverarbeitung auf dieser Internetseite<br \/>\n<\/strong>Wir erheben und speichern automatisch in Ihren Server Log Files Informationen, die Ihr Browser an uns \u00fcbermittelt. Dies sind:<\/p>\n<ul>\n<li>Browsertyp\/ -version<\/li>\n<li>verwendetes Betriebssystem<\/li>\n<li>Referrer URL (die zuvor besuchte Seite)<\/li>\n<li>Hostname des zugreifenden Rechners (IP Adresse)<\/li>\n<li>Uhrzeit der Serveranfrage.<\/li>\n<\/ul>\n<p>Es ist f\u00fcr uns nicht m\u00f6glich, diese Daten bestimmten Personen zuzuordnen. Eine Zusammenf\u00fchrung dieser Daten mit anderen Datenquellen wird nicht vorgenommen, die Daten werden auch nicht ausgewertet.<\/p>\n<p><strong>Cookies<br \/>\n<\/strong>Die Internetseiten verwenden an mehreren Stellen so genannte Cookies. Sie dienen dazu, unser Angebot nutzerfreundlicher, effektiver und sicherer zu machen. Cookies sind kleine Textdateien, die auf Ihrem Rechner abgelegt werden und die Ihr Browser speichert. Die meisten der von uns verwendeten Cookies sind so genannte \u201eSession-Cookies\u201c. Sie werden nach Ende Ihres Besuchs automatisch gel\u00f6scht. Cookies richten auf Ihrem Rechner keinen Schaden an und enthalten keine Viren.<br \/>\nSie k\u00f6nnen Ihren Internet-Browser so konfigurieren, dass die Speicherung von Cookies unterbunden wird. Dies kann jedoch zu Funktionsbeeintr\u00e4chtigungen und Einschr\u00e4nkungen bei der Nutzung unserer Webseiten f\u00fchren. Desweiteren gibt es auch die M\u00f6glichkeit, spezielle Programme oder Internetdienste zum anonymen Surfen im Internet zu nutzen.<\/p>\n<p><strong>Kontaktformular<br \/>\n<\/strong>Die \u00fcber unser Kontaktformular abgefragten Daten sind notwendig, um Ihr Anliegen bearbeiten zu k\u00f6nnen. Die \u00fcbermittelten Daten werden vertraulich behandelt und nicht an Dritte weitergegeben, ausgenommen solche Personen, die wie von Ihnen bestimmt mit dem Sachverhalt Ihrer Anfrage befasst werden sollen.<\/p>\n<p><strong>Anfragenbearbeitung<\/strong><br \/>\nZur Bearbeitung Ihrer Anfragen und Mitteilungen setzen wir elektronische Datenverarbeitung ein. Die \u00fcbermittelten pers\u00f6nlichen Daten werden zur Bearbeitung Ihrer Anfragen und Mitteilungen und unter Beachtung der datenschutzrechtlichen Bestimmungen erhoben, gespeichert und verarbeitet.<\/p>\n<p><strong>Datenweitergabe<\/strong><br \/>\nOhne Ihre Einwilligung geben wir grunds\u00e4tzlich keine personenbezogenen Daten an Dritte weiter, sofern das nicht zur Erf\u00fcllung unserer Verpflichtungen oder zur bestimmungsgem\u00e4\u00dfen Erledigung der Vorg\u00e4nge in Ihrem Sinne erforderlich ist. Eine weitere Ausnahme gilt, falls wir gegen\u00fcber einer staatlichen Institution im Rahmen zwingender Rechtsvorschriften dazu verpflichtet sind oder die Datenweitergabe zur Durchsetzung unserer Rechte bei Missbrauch oder zwecks Geltendmachung von Forderungen notwendig ist.<\/p>\n<p><strong>Externe Links<\/strong><br \/>\nUnsere Webseiten enthalten Links zu Webauftritten Dritter. Die Einhaltung des Datenschutzes auf diesen fremden Webseiten liegt au\u00dferhalb unseres Einfluss- und Verantwortungsbereiches. Bitte, informieren Sie sich ggf. auf den verlinkten Webseiten \u00fcber die dort mitgeteilten Datenschutz-Informationen.<\/p>\n<p><strong>Auskunftsrecht<\/strong><br \/>\nSie haben jederzeit das Recht auf Auskunft \u00fcber die bez\u00fcglich Ihrer Person gespeicherten Daten, deren Herkunft und Empf\u00e4nger sowie den Zweck der Speicherung. Adresse und Kontaktdaten finden Sie im Impressum.<\/p>\n<p><strong>Berichtigungsrecht sowie L\u00f6schungs- bzw. Sperrungsrecht\u00a0<\/strong><br \/>\nSie haben einen Anspruch auf Berichtigung unrichtiger Daten. Ferner haben Sie ein Recht auf L\u00f6schung von nicht mehr ben\u00f6tigten Daten, sofern sich aus anderen gesetzlichen Regelungen nicht eine Pflicht zur Aufbewahrung ergibt; in diesen F\u00e4llen steht Ihnen das Recht auf Sperrung der Daten zu.<\/p>\n","protected":false},"excerpt":{"rendered":"<p>Wir nehmen den Schutz Ihrer pers\u00f6nlichen Daten ernst und halten uns an die Regeln der Datenschutzgesetze. Personenbezogene Daten werden auf dieser Webseite nur im technisch notwendigen Umfang erhoben. In keinem [&hellip;]<\/p>\n","protected":false},"author":4,"featured_media":0,"parent":0,"menu_order":0,"comment_status":"closed","ping_status":"closed","template":"","meta":{"footnotes":""},"class_list":["post-608","page","type-page","status-publish","hentry"],"_links":{"self":[{"href":"https:\/\/familienzentrum-st-martinus.de\/index.php?rest_route=\/wp\/v2\/pages\/608","targetHints":{"allow":["GET"]}}],"collection":[{"href":"https:\/\/familienzentrum-st-martinus.de\/index.php?rest_route=\/wp\/v2\/pages"}],"about":[{"href":"https:\/\/familienzentrum-st-martinus.de\/index.php?rest_route=\/wp\/v2\/types\/page"}],"author":[{"embeddable":true,"href":"https:\/\/familienzentrum-st-martinus.de\/index.php?rest_route=\/wp\/v2\/users\/4"}],"replies":[{"embeddable":true,"href":"https:\/\/familienzentrum-st-martinus.de\/index.php?rest_route=%2Fwp%2Fv2%2Fcomments&post=608"}],"version-history":[{"count":2,"href":"https:\/\/familienzentrum-st-martinus.de\/index.php?rest_route=\/wp\/v2\/pages\/608\/revisions"}],"predecessor-version":[{"id":997,"href":"https:\/\/familienzentrum-st-martinus.de\/index.php?rest_route=\/wp\/v2\/pages\/608\/revisions\/997"}],"wp:attachment":[{"href":"https:\/\/familienzentrum-st-martinus.de\/index.php?rest_route=%2Fwp%2Fv2%2Fmedia&parent=608"}],"curies":[{"name":"wp","href":"https:\/\/api.w.org\/{rel}","templated":true}]}}