{"id":68,"date":"2016-12-08T20:01:38","date_gmt":"2016-12-08T18:01:38","guid":{"rendered":"http:\/\/familienzentrum-st-martinus.de\/?page_id=68"},"modified":"2024-12-10T10:43:51","modified_gmt":"2024-12-10T09:43:51","slug":"impressum","status":"publish","type":"page","link":"https:\/\/familienzentrum-st-martinus.de\/?page_id=68","title":{"rendered":"Impressum"},"content":{"rendered":"<p><span style=\"color: black; font-family: Arial,Helvetica,Geneva,Swiss,SunSans-Regular; font-size: small;\">Angaben gem\u00e4\u00df \u00a75 TMG:<\/span><\/p>\n<p><span style=\"color: black; font-family: Arial,Helvetica,Geneva,Swiss,SunSans-Regular; font-size: small;\">Familienzentrum St. Martinus &#8211; Kita Niederpleis<br \/>\nAlte Marktstra\u00dfe 53, 53757 Sankt Augustin<br \/>\nTel.: 02241 \/ 33 43 00<br \/>\nLeitung: Stephanie Welter<br \/>\n&#102;&#x61;m&#105;&#x6c;i&#101;&#x6e;z&#x65;&#x6e;&#116;&#x72;u&#109;&#x2d;n&#105;&#x65;d&#x65;&#x72;&#112;&#x6c;&#x65;&#105;&#x73;&#64;&#107;&#x61;t&#104;&#x6f;l&#x69;&#x73;&#99;&#x68;-&#115;&#x61;n&#107;&#x74;-&#x61;&#x75;&#103;&#x75;&#x73;&#116;&#x69;n&#46;&#x64;e<\/span><\/p>\n<p><span style=\"color: black; font-family: Arial,Helvetica,Geneva,Swiss,SunSans-Regular; font-size: small;\">Verantwortlich im Sinne des Presserechts Stephanie Welter<br \/>\n<\/span><\/p>\n<p><span style=\"color: black; font-family: Arial,Helvetica,Geneva,Swiss,SunSans-Regular; font-size: small;\"><b>Haftung<\/b>:Der Verantwortliche ist um Richtigkeit und Aktualit\u00e4t der auf dieser Internetpr\u00e4senz bereitgestellten Informationen bem\u00fcht. Dennoch k\u00f6nnen Fehler und Unklarheiten nicht vollst\u00e4ndig ausgeschlossen werden. Der Verantwortliche \u00fcbernimmt deshalb keine Gew\u00e4hr f\u00fcr die Aktualit\u00e4t, Richtigkeit oder Vollst\u00e4ndigkeit der bereitgestellten Informationen. F\u00fcr Sch\u00e4den materieller oder immaterieller Art, die durch die Nutzung der dargebotenen Informationen bzw. durch die Nutzung fehlerhafter und unvollst\u00e4ndiger Informationen unmittelbar oder mittelbar verursacht werden, haftet der Verantwortliche nicht, sofern ihm nicht nachweislich vors\u00e4tzliches oder grob fahrl\u00e4ssiges Verschulden zur Last f\u00e4llt. Gleiches gilt f\u00fcr zum Download bereitgehaltene Dateien. Der Verantwortliche beh\u00e4lt es sich vor, Teile des Internetangebots oder das gesamte Angebot ohne gesonderte Ank\u00fcndigung zu ver\u00e4ndern, zu erg\u00e4nzen, zu l\u00f6schen oder die Ver\u00f6ffentlichung zeitweise oder endg\u00fcltig einzustellen. Die Verantwortlichkeit f\u00fcr fremde Inhalte, die beispielsweise durch direkte oder indirekte Verkn\u00fcpfungen (Links) zu anderen Anbietern bereitgehalten werden, setzt unter anderem positive Kenntnis des rechtswidrigen bzw. strafbaren Inhaltes voraus. Der Verantwortliche hat auf fremde Inhalte keinen Einfluss und macht sich diese Inhalte auch nicht zu Eigen. Der Verantwortliche hat keine positive Kenntnis \u00fcber rechtswidrige oder anst\u00f6\u00dfige Inhalte auf den verkn\u00fcpften Seiten fremder Anbieter. Sollten auf den verkn\u00fcpften Seiten fremder Anbieter dennoch rechtswidrige oder anst\u00f6\u00dfige Inhalte enthalten sein, so distanziert sich der Verantwortliche von diesen Inhalten ausdr\u00fccklich.<br \/>\n<b>Urheberrecht<br \/>\n<\/b>Inhalte und Layout dieser Homepage, verwendete Bilder, Grafiken und sonstige Inhalte sind urheberrechtlich gesch\u00fctz<\/span><span class=\"ds3\"><span style=\"color: black; font-size: small;\">t. <\/span><span style=\"font-size: small;\">Die unerlaubte Vervielf\u00e4ltigung oder Weitergabe einzelner Inhalte oder kompletter Seiten ist <\/span><\/span><span class=\"ds1\"><span class=\"ds3\"><span style=\"font-family: arial; font-size: small;\">nicht gestattet. <\/span><\/span><\/span><span class=\"ds1\"><span style=\"font-family: arial; font-size: small;\">Lediglich die Herstellung von Kopien und Downloads f\u00fcr den pers\u00f6nlichen, privaten und nicht kommerziellen Gebrauch ist erlaubt. <\/span><\/span><span class=\"ds1\"><span style=\"font-family: arial; font-size: small;\">Die Darstellung dieser Website in fremden Frames ist nur mit Erlaubnis zul\u00e4ssig.<br \/>\n<strong>Links zu anderen Websites<br \/>\n<\/strong>Die Website enth\u00e4lt ggf. Links zu anderen Websites, zu Datenschutzerkl\u00e4rungen und Datenschutzrichtlinien auf diesen Websites. Wir \u00fcbernehmen weder eine Haftung noch eine Verantwortung f\u00fcr diese nicht im Zusammenhang mit unserer Website stehenden Erkl\u00e4rungen und Richtlinien.<br \/>\n<\/span><\/span><\/p>\n","protected":false},"excerpt":{"rendered":"<p>Angaben gem\u00e4\u00df \u00a75 TMG: Familienzentrum St. Martinus &#8211; Kita Niederpleis Alte Marktstra\u00dfe 53, 53757 Sankt Augustin Tel.: 02241 \/ 33 43 00 Leitung: Stephanie Welter &#x66;&#x61;&#x6d;&#x69;&#x6c;&#105;&#101;&#110;&#122;ent&#x72;&#x75;&#x6d;&#x2d;&#x6e;&#x69;&#101;&#100;&#101;rpl&#x65;&#x69;&#x73;&#x40;&#x6b;&#x61;&#116;&#104;&#111;&#108;isc&#x68;&#x2d;&#x73;&#x61;&#x6e;&#x6b;&#116;&#45;&#97;ugu&#x73;&#x74;&#x69;&#x6e;&#x2e;&#x64;&#101; Verantwortlich im Sinne des [&hellip;]<\/p>\n","protected":false},"author":4,"featured_media":0,"parent":0,"menu_order":0,"comment_status":"closed","ping_status":"closed","template":"","meta":{"footnotes":""},"class_list":["post-68","page","type-page","status-publish","hentry"],"_links":{"self":[{"href":"https:\/\/familienzentrum-st-martinus.de\/index.php?rest_route=\/wp\/v2\/pages\/68","targetHints":{"allow":["GET"]}}],"collection":[{"href":"https:\/\/familienzentrum-st-martinus.de\/index.php?rest_route=\/wp\/v2\/pages"}],"about":[{"href":"https:\/\/familienzentrum-st-martinus.de\/index.php?rest_route=\/wp\/v2\/types\/page"}],"author":[{"embeddable":true,"href":"https:\/\/familienzentrum-st-martinus.de\/index.php?rest_route=\/wp\/v2\/users\/4"}],"replies":[{"embeddable":true,"href":"https:\/\/familienzentrum-st-martinus.de\/index.php?rest_route=%2Fwp%2Fv2%2Fcomments&post=68"}],"version-history":[{"count":6,"href":"https:\/\/familienzentrum-st-martinus.de\/index.php?rest_route=\/wp\/v2\/pages\/68\/revisions"}],"predecessor-version":[{"id":1444,"href":"https:\/\/familienzentrum-st-martinus.de\/index.php?rest_route=\/wp\/v2\/pages\/68\/revisions\/1444"}],"wp:attachment":[{"href":"https:\/\/familienzentrum-st-martinus.de\/index.php?rest_route=%2Fwp%2Fv2%2Fmedia&parent=68"}],"curies":[{"name":"wp","href":"https:\/\/api.w.org\/{rel}","templated":true}]}}