{"id":77,"date":"2016-12-08T20:07:26","date_gmt":"2016-12-08T18:07:26","guid":{"rendered":"http:\/\/familienzentrum-st-martinus.de\/?page_id=77"},"modified":"2023-07-05T08:44:55","modified_gmt":"2023-07-05T06:44:55","slug":"oeffnungszeiten-kita-niederpleis","status":"publish","type":"page","link":"https:\/\/familienzentrum-st-martinus.de\/?page_id=77","title":{"rendered":"\u00d6ffnungszeiten Kita Niederpleis"},"content":{"rendered":"<p>Ab 01.08.2023 \u00e4ndern sich unsere \u00d6ffnungszeiten.<\/p>\n<p>Mo. bis Fr. von 7.00 bis 16.00 Uhr ge\u00f6ffnet.<\/p>\n<p><strong>35 Wochenstunden<\/strong><br \/>\nMo. bis Fr. 7.30-12.30 und 14.00-16.00 Uhr<br \/>\noder im Block Mo. bis Fr. 7.00-14.00 Uhr<\/p>\n<p><strong>45 Wochenstunden<\/strong><br \/>\nMo. bis Fr. 7.00-16.00 Uhr<\/p>\n","protected":false},"excerpt":{"rendered":"<p>Ab 01.08.2023 \u00e4ndern sich unsere \u00d6ffnungszeiten. Mo. bis Fr. von 7.00 bis 16.00 Uhr ge\u00f6ffnet. 35 Wochenstunden Mo. bis Fr. 7.30-12.30 und 14.00-16.00 Uhr oder im Block Mo. bis Fr. [&hellip;]<\/p>\n","protected":false},"author":4,"featured_media":0,"parent":0,"menu_order":0,"comment_status":"closed","ping_status":"closed","template":"","meta":{"footnotes":""},"class_list":["post-77","page","type-page","status-publish","hentry"],"_links":{"self":[{"href":"https:\/\/familienzentrum-st-martinus.de\/index.php?rest_route=\/wp\/v2\/pages\/77","targetHints":{"allow":["GET"]}}],"collection":[{"href":"https:\/\/familienzentrum-st-martinus.de\/index.php?rest_route=\/wp\/v2\/pages"}],"about":[{"href":"https:\/\/familienzentrum-st-martinus.de\/index.php?rest_route=\/wp\/v2\/types\/page"}],"author":[{"embeddable":true,"href":"https:\/\/familienzentrum-st-martinus.de\/index.php?rest_route=\/wp\/v2\/users\/4"}],"replies":[{"embeddable":true,"href":"https:\/\/familienzentrum-st-martinus.de\/index.php?rest_route=%2Fwp%2Fv2%2Fcomments&post=77"}],"version-history":[{"count":5,"href":"https:\/\/familienzentrum-st-martinus.de\/index.php?rest_route=\/wp\/v2\/pages\/77\/revisions"}],"predecessor-version":[{"id":1337,"href":"https:\/\/familienzentrum-st-martinus.de\/index.php?rest_route=\/wp\/v2\/pages\/77\/revisions\/1337"}],"wp:attachment":[{"href":"https:\/\/familienzentrum-st-martinus.de\/index.php?rest_route=%2Fwp%2Fv2%2Fmedia&parent=77"}],"curies":[{"name":"wp","href":"https:\/\/api.w.org\/{rel}","templated":true}]}}